{"id":27,"date":"2022-12-15T22:57:36","date_gmt":"2022-12-15T22:57:36","guid":{"rendered":"https:\/\/urlisan.com\/?post_type=product&#038;p=27"},"modified":"2023-03-09T14:17:34","modified_gmt":"2023-03-09T14:17:34","slug":"m-u-s-i-c-trucker-cap","status":"publish","type":"product","link":"https:\/\/urlisan.com\/index.php\/produit\/m-u-s-i-c-trucker-cap\/","title":{"rendered":"M.U.S.I.C TRUCKER CAP"},"content":{"rendered":"","protected":false},"excerpt":{"rendered":"<p><strong>Descriptif<\/strong><\/p>\n<p><span style=\"font-weight: 400;\">Adh\u00e9rer \u00e0 notre communaut\u00e9 avec cette casquette Baseball. Chaque lettre est traduite dans une Calligraphie diff\u00e9rente, Arabe, Mandarin, Cor\u00e9en, H\u00e9breu, Africain et brod\u00e9e en 3D. La note sur le c\u00f4t\u00e9, le jeans mesh et le silicone vous donneront un style pop et universel.<\/span><\/p>\n<p>&nbsp;<\/p>\n<p><b>D\u00e9tails du produit<\/b><b> <\/b><\/p>\n<ul>\n<li>Couleur bleu &amp; blanc<\/li>\n<li>Taille unique et ajustable.<\/li>\n<li>Casquette en denim &amp; mesh<\/li>\n<li>Broderie 3d &amp; silicone sur le devant et c\u00f4t\u00e9 gauche<\/li>\n<li>Label \u00a0&#8220;urlisan&#8221; brod\u00e9 \u00e0 l&#8217;arri\u00e8re<\/li>\n<li>Arri\u00e8re r\u00e9glable<\/li>\n<li>Import\u00e9 de Chine<\/li>\n<li>Livr\u00e9 avec une pochette de rangement 100% coton dans un coffret avec rabat aimant\u00e9.<\/li>\n<\/ul>\n<p>&nbsp;<\/p>\n<p><b>Entretien<\/b><\/p>\n<ul>\n<li>Nettoyage<\/li>\n<\/ul>\n<p>Utiliser un chiffon propre et humide pour essuyer toute salet\u00e9.<\/p>\n<p>Important : Les taches de sueur peuvent d\u00e9colorer le tissu de fa\u00e7on permanente si elles ne sont pas enlev\u00e9es rapidement.<\/p>\n<ul>\n<li>Lavage<\/li>\n<\/ul>\n<p>Nous vous recommandons de laver votre casquette \u00e0 la main ou en machine sur le programme d\u00e9licat. S\u00e9cher la casquette en la rembourrant avec une serviette, pour garder sa forme et \u00e9viter qu\u2019elle ne se froisse.<\/p>\n<p>S\u00e9chage en machine d\u00e9conseill\u00e9.<\/p>\n","protected":false},"featured_media":427,"comment_status":"open","ping_status":"closed","template":"","meta":[],"product_cat":[16],"product_tag":[],"_links":{"self":[{"href":"https:\/\/urlisan.com\/index.php\/wp-json\/wp\/v3\/product\/27"}],"collection":[{"href":"https:\/\/urlisan.com\/index.php\/wp-json\/wp\/v3\/product"}],"about":[{"href":"https:\/\/urlisan.com\/index.php\/wp-json\/wp\/v2\/types\/product"}],"replies":[{"embeddable":true,"href":"https:\/\/urlisan.com\/index.php\/wp-json\/wp\/v2\/comments?post=27"}],"wp:featuredmedia":[{"embeddable":true,"href":"https:\/\/urlisan.com\/index.php\/wp-json\/wp\/v2\/media\/427"}],"wp:attachment":[{"href":"https:\/\/urlisan.com\/index.php\/wp-json\/wp\/v2\/media?parent=27"}],"wp:term":[{"taxonomy":"product_cat","embeddable":true,"href":"https:\/\/urlisan.com\/index.php\/wp-json\/wp\/v2\/product_cat?post=27"},{"taxonomy":"product_tag","embeddable":true,"href":"https:\/\/urlisan.com\/index.php\/wp-json\/wp\/v2\/product_tag?post=27"}],"curies":[{"name":"wp","href":"https:\/\/api.w.org\/{rel}","templated":true}]}}