{"id":20,"date":"2022-12-15T22:51:52","date_gmt":"2022-12-15T22:51:52","guid":{"rendered":"https:\/\/urlisan.com\/?post_type=product&#038;p=20"},"modified":"2023-03-09T14:17:51","modified_gmt":"2023-03-09T14:17:51","slug":"p-a-r-i-s-baseball-cap","status":"publish","type":"product","link":"https:\/\/urlisan.com\/index.php\/produit\/p-a-r-i-s-baseball-cap\/","title":{"rendered":"P.A.R.I.S BASEBALL CAP"},"content":{"rendered":"","protected":false},"excerpt":{"rendered":"<p><strong>Descriptif<\/strong><\/p>\n<p><span style=\"font-weight: 400;\">Faites une d\u00e9claration avec cette casquette de baseball audacieuse. Le design du P et les \u00e9toiles sur le devant sont un clin d&#8217;\u0153il \u00e9vident aux club parisien pour leur universalit\u00e9.<\/span><\/p>\n<p>&nbsp;<\/p>\n<p><b>D\u00e9tails du produit<\/b><\/p>\n<ul>\n<li>Couleur noir &amp; or<\/li>\n<li>Taille unique et ajustable.<\/li>\n<li>Casquette en gabardine 100% coton<\/li>\n<li>Broderie lurex 3d-rivet \u00e9toiles m\u00e9tal sur le devant<\/li>\n<li>Label Urlisan brod\u00e9 \u00e0 l&#8217;arri\u00e8re<\/li>\n<li>Sangle arri\u00e8re r\u00e9glable logo<\/li>\n<li>Import\u00e9 de Chine<\/li>\n<li>Livr\u00e9 avec une pochette de rangement 100% coton dans un coffret avec rabat aimant\u00e9<\/li>\n<\/ul>\n<p><b>Entretien<\/b><\/p>\n<ul>\n<li>Nettoyage<\/li>\n<\/ul>\n<p>Utiliser un chiffon propre et humide pour essuyer toute salet\u00e9.<\/p>\n<p>Important : Les taches de sueur peuvent d\u00e9colorer le tissu de fa\u00e7on permanente si elles ne sont pas enlev\u00e9es rapidement.<\/p>\n<ul>\n<li>Lavage<\/li>\n<\/ul>\n<p>Nous vous recommandons de laver votre casquette \u00e0 la main ou en machine sur le programme d\u00e9licat. S\u00e9cher la casquette en la rembourrant avec une serviette, pour garder sa forme et \u00e9viter qu\u2019elle ne se froisse.<\/p>\n<p>S\u00e9chage en machine d\u00e9conseill\u00e9.<\/p>\n","protected":false},"featured_media":438,"comment_status":"open","ping_status":"closed","template":"","meta":[],"product_cat":[16],"product_tag":[],"_links":{"self":[{"href":"https:\/\/urlisan.com\/index.php\/wp-json\/wp\/v3\/product\/20"}],"collection":[{"href":"https:\/\/urlisan.com\/index.php\/wp-json\/wp\/v3\/product"}],"about":[{"href":"https:\/\/urlisan.com\/index.php\/wp-json\/wp\/v2\/types\/product"}],"replies":[{"embeddable":true,"href":"https:\/\/urlisan.com\/index.php\/wp-json\/wp\/v2\/comments?post=20"}],"wp:featuredmedia":[{"embeddable":true,"href":"https:\/\/urlisan.com\/index.php\/wp-json\/wp\/v2\/media\/438"}],"wp:attachment":[{"href":"https:\/\/urlisan.com\/index.php\/wp-json\/wp\/v2\/media?parent=20"}],"wp:term":[{"taxonomy":"product_cat","embeddable":true,"href":"https:\/\/urlisan.com\/index.php\/wp-json\/wp\/v2\/product_cat?post=20"},{"taxonomy":"product_tag","embeddable":true,"href":"https:\/\/urlisan.com\/index.php\/wp-json\/wp\/v2\/product_tag?post=20"}],"curies":[{"name":"wp","href":"https:\/\/api.w.org\/{rel}","templated":true}]}}