{"id":53,"date":"2022-12-16T11:26:08","date_gmt":"2022-12-16T11:26:08","guid":{"rendered":"https:\/\/urlisan.com\/?page_id=53"},"modified":"2023-02-13T10:47:26","modified_gmt":"2023-02-13T10:47:26","slug":"cgv","status":"publish","type":"page","link":"https:\/\/urlisan.com\/index.php\/cgv\/","title":{"rendered":"MENTIONS L\u00c9GALES &#038; CGV"},"content":{"rendered":"\t\t<div data-elementor-type=\"wp-page\" data-elementor-id=\"53\" class=\"elementor elementor-53\">\n\t\t\t\t\t\t\t\t\t<section class=\"elementor-section elementor-top-section elementor-element elementor-element-6fba85e elementor-section-boxed elementor-section-height-default elementor-section-height-default\" data-id=\"6fba85e\" data-element_type=\"section\">\n\t\t\t\t\t\t<div class=\"elementor-container elementor-column-gap-default\">\n\t\t\t\t\t<div class=\"elementor-column elementor-col-100 elementor-top-column elementor-element elementor-element-dd0d437\" data-id=\"dd0d437\" data-element_type=\"column\">\n\t\t\t<div class=\"elementor-widget-wrap elementor-element-populated\">\n\t\t\t\t\t\t\t\t<div class=\"elementor-element elementor-element-b3e8732 elementor-widget elementor-widget-text-editor\" data-id=\"b3e8732\" data-element_type=\"widget\" data-widget_type=\"text-editor.default\">\n\t\t\t\t<div class=\"elementor-widget-container\">\n\t\t\t<style>\/*! elementor - v3.12.1 - 02-04-2023 *\/\n.elementor-widget-text-editor.elementor-drop-cap-view-stacked .elementor-drop-cap{background-color:#69727d;color:#fff}.elementor-widget-text-editor.elementor-drop-cap-view-framed .elementor-drop-cap{color:#69727d;border:3px solid;background-color:transparent}.elementor-widget-text-editor:not(.elementor-drop-cap-view-default) .elementor-drop-cap{margin-top:8px}.elementor-widget-text-editor:not(.elementor-drop-cap-view-default) .elementor-drop-cap-letter{width:1em;height:1em}.elementor-widget-text-editor .elementor-drop-cap{float:left;text-align:center;line-height:1;font-size:50px}.elementor-widget-text-editor .elementor-drop-cap-letter{display:inline-block}<\/style>\t\t\t\t<p style=\"font-weight: 400;\"><strong>Conditions G\u00e9n\u00e9rales de Vente<\/strong><\/p><ol><li style=\"font-weight: 400;\"><strong><em>GENERALITE<\/em><\/strong><br \/>Les pr\u00e9sentes conditions g\u00e9n\u00e9rales de vente dites CGV s&#8217;appliquent \u00e0 toutes commandes pass\u00e9es sur le site Internet www.urlisan.com portant sur l&#8217;achat de produits vendus et exp\u00e9di\u00e9s par URLISAN PARIS dont le si\u00e8ge est au bureau No 326-78 avenue des Champs \u00c9lys\u00e9es 75008 Paris au RCS de Paris sous le num\u00e9ro 848 506 861.<br \/>Sous r\u00e9serve de toute disposition contraire de la loi, les CGV applicables aux relations nou\u00e9es entre URLISAN PARIS et le Client sont celles en vigueur au jour de la validation de la commande.\u00a0<br \/>Elles s&#8217;appliquent \u00e0 l&#8217;exclusion de toutes autres conditions. Le contrat form\u00e9 par l\u2019acceptation des pr\u00e9sentes CGV est soumis \u00e0 la loi fran\u00e7aise.<\/li><li style=\"font-weight: 400;\"><strong><em>TARIFS ET MODALIT\u00c9S DE PAIEMENT\u00a0<\/em><\/strong><br \/>www.urlisan.com se r\u00e9serve le droit de modifier ses prix \u00e0 tout moment mais les produits seront factur\u00e9s sur la base des tarifs en vigueur au moment de la validation de la commande par le client.\u00a0<br \/>Les prix des produits sont indiqu\u00e9s en euros.\u00a0<br \/>Le prix des produits exp\u00e9di\u00e9s hors Union europ\u00e9enne et DOM-TOM sera calcul\u00e9 hors taxes sur la facture. Dans ce cas, le client est consid\u00e9r\u00e9 comme l&#8217;importateur des produits. En cas d&#8217;exigibilit\u00e9 de droits de douanes, de taxes d&#8217;importation ou autres, applicables \u00e0 raison de la destination g\u00e9ographique des produits, ces frais incombent au client, \u00e0 qui il est recommand\u00e9 d&#8217;effectuer les v\u00e9rifications et les d\u00e9marches n\u00e9cessaires pr\u00e9alablement \u00e0 la validation de sa commande.\u00a0<br \/>Le prix est exigible en totalit\u00e9 apr\u00e8s confirmation de la commande. Le paiement s&#8217;effectue imm\u00e9diatement \u00e0 la commande par carte bancaire ou via la plateforme de paiement en ligne PayPal.<br \/>Le montant de la commande est encaiss\u00e9 le jour m\u00eame de la passation de la commande.<\/li><li style=\"font-weight: 400;\"><strong><em>LIVRAISON<\/em><\/strong><br \/>Les d\u00e9lais de livraison indiqu\u00e9s s&#8217;entendent en jours ouvr\u00e9s.<\/li><\/ol><p>\u00a0<\/p><p style=\"font-weight: 400;\">Dans le cas o\u00f9 le client r\u00e9alise un achat lors d\u2019une op\u00e9ration de pr\u00e9commande, le r\u00e8glement sera enregistr\u00e9 pour validation de cette derni\u00e8re et la livraison s\u2019effectuera lors de la date de livraison annonc\u00e9e. Dans le cas d\u2019un retard exceptionnel, le client sera imm\u00e9diatement inform\u00e9 par mail de la situation.<\/p><p style=\"font-weight: 400;\">Les produits sont livr\u00e9s \u00e0 l&#8217;adresse de livraison indiqu\u00e9e par le client au moment et dans le cadre de sa commande. Sauf indication contraire sur le site, les livraisons des produits interviennent en France ainsi que dans le reste du monde.\u00a0<\/p><p style=\"font-weight: 400;\">Si le retard de livraison devait exc\u00e9der 7 jours ouvr\u00e9s pour des causes autres que de force majeure, le client b\u00e9n\u00e9ficiera de la possibilit\u00e9 d\u2019annuler sa commande par envoi d\u2019une lettre recommand\u00e9e avec accus\u00e9 de r\u00e9ception au service client de Vraigarcon.com, \u00e0 l\u2019adresse de son si\u00e8ge social dans un d\u00e9lai de 60 jours ouvr\u00e9s \u00e0 compter de la date de livraison initialement pr\u00e9vue.\u00a0<br \/>Les sommes pay\u00e9es par le client au titre de la commande et des frais d&#8217;envoi seront rembours\u00e9es. Si le produit a \u00e9t\u00e9 re\u00e7u apr\u00e8s la date de la r\u00e9ception de l&#8217;annulation par www.urlisan.com, les frais de retour resteront \u00e0 la charge du client, et le retour des produits ne sera accept\u00e9 que sous r\u00e9serve d&#8217;un \u00e9tat parfait des produits, avec les \u00e9tiquettes et dans leur emballage d&#8217;origine.\u00a0<\/p><p style=\"font-weight: 400;\">URLISAN d\u00e9cline toute responsabilit\u00e9 concernant les retards de livraison, si vous avez indiqu\u00e9 une adresse incompl\u00e8te ou erron\u00e9e, pour absence du destinataire du colis ou de son non-retrait au bureau de poste dans le d\u00e9lai pr\u00e9vu \u00e0 cet effet.\u00a0<br \/>Dans ce contexte, tous les frais de r\u00e9exp\u00e9dition seront \u00e0 votre charge. Les marchandises perdues ne pourront \u00eatre rembours\u00e9es.\u00a0<\/p><p style=\"font-weight: 400;\">Toute r\u00e9serve sur l&#8217;\u00e9tat des produits (ex. colis ouvert ou endommag\u00e9) doit \u00eatre notifi\u00e9, d\u00e8s la livraison au transporteur.<br \/>Toute protestation motiv\u00e9e pour avarie ou perte partielle devra par ailleurs \u00eatre notifi\u00e9e au transporteur dans les trois jours, non compris les jours f\u00e9ri\u00e9s, qui suivent celui de la r\u00e9ception des produits par acte extrajudiciaire ou par lettre recommand\u00e9e, sans pr\u00e9judice de l\u2019exercice par le client de ses recours contre le vendeur dans les conditions et limites pr\u00e9vues par la loi et les pr\u00e9sentes CGV.<\/p><p style=\"font-weight: 400;\">En cas de d\u00e9lai de livraison trop long ou de non r\u00e9ception des produits command\u00e9s, le client peut contacter le service client, une enqu\u00eate sera alors ouverte aupr\u00e8s du transporteur afin de localiser votre colis. La dur\u00e9e de cette enqu\u00eate peut varier de 1 \u00e0 3 semaines.\u00a0<br \/>Si le colis est retrouv\u00e9, il vous sera imm\u00e9diatement r\u00e9exp\u00e9di\u00e9 \u00e0 l\u2019adresse indiqu\u00e9e lors de la commande. Si au terme de l\u2019enqu\u00eate, le colis est d\u00e9clar\u00e9 comme perdu par le transporteur, les produits seront r\u00e9exp\u00e9di\u00e9s (dans la limite des stocks disponibles, ou du d\u00e9lai de r\u00e9approvisionnement) ou rembours\u00e9s. Aucun remboursement ou renvoi des produits ne pourra \u00eatre fait avant cl\u00f4ture de l\u2019enqu\u00eate.\u00a0<\/p><p>\u00a0<\/p><ol start=\"4\"><li style=\"font-weight: 400;\"><strong><em>R\u00c9TRACTATION\u00a0<\/em><\/strong><br \/>En application des articles L.121-20 et suivants du Code de la Consommation, le client dispose d&#8217;un d\u00e9lai de 14 jours \u00e0 compter de la date de livraison de la commande pour retourner tout produit neuf et non port\u00e9, dans son emballage d&#8217;origine et en parfait \u00e9tat (permettant une nouvelle commercialisation). Le client pourra en demander le remboursement sans p\u00e9nalit\u00e9, \u00e0 l\u2019exclusion des sous-v\u00eatements qui ne peuvent \u00eatre retourn\u00e9s.\u00a0<br \/>Le client doit par cons\u00e9quent placer l&#8217;article intacte dans un carton d\u2019emballage adapt\u00e9 afin de nous le renvoyer. Le client devra joindre \u00e9galement une copie de la facture ou tout autre \u00e9l\u00e9ment permettant d&#8217;identifier la commande.<\/li><li style=\"font-weight: 400;\"><strong><em>CONFORMIT\u00c9<\/em><\/strong><br \/>Les photos pr\u00e9sentent sur le site www.urlisan.com sont \u00e0 titre indicatifs. Le client est invit\u00e9 \u00e0 se reporter au descriptif de chaque produit pour en conna\u00eetre les caract\u00e9ristiques pr\u00e9cises.\u00a0<br \/>En cas de doute, ou pour obtenir des renseignements compl\u00e9mentaires, il est possible de contacter notre service client depuis la page \u00ab\u00a0contact \u00ab\u00a0de notre site.\u00a0<br \/>www.urlisan.com s&#8217;engage \u00e0 rembourser le client des produits apparemment d\u00e9fectueux, ab\u00eem\u00e9s ou endommag\u00e9s ou qui ne correspondraient pas \u00e0 la commande.\u00a0<br \/>Dans ce cas, le client devra faire \u00e9tat par \u00e9crit de la situation de mani\u00e8re d\u00e9taill\u00e9e, et renvoyer le(s) produit(s).<\/li><\/ol><p>\u00a0<\/p><p style=\"font-weight: 400;\">En tout \u00e9tat de cause, le client b\u00e9n\u00e9ficie des garanties l\u00e9gales de conformit\u00e9 et des vices cach\u00e9s, conform\u00e9ment aux dispositions l\u00e9gales en vigueur.\u00a0<br \/>Rappel des articles L.211-4, L.211-5 et L.211-12 du Code de la consommation, et des articles 1641 et 1648, premier alin\u00e9a, du Code civil :<br \/>Article L.211-4 du Code de la consommation : &#8220;Le vendeur est tenu de livrer un bien conforme au contrat et r\u00e9pond des d\u00e9fauts de conformit\u00e9 existant lors de la d\u00e9livrance. Il r\u00e9pond \u00e9galement des d\u00e9fauts de conformit\u00e9 r\u00e9sultant de l&#8217;emballage, des instructions de montage ou de l&#8217;installation lorsque celle-ci a \u00e9t\u00e9 mise \u00e0 sa charge par le contrat ou a \u00e9t\u00e9 r\u00e9alis\u00e9e sous sa responsabilit\u00e9.&#8221;<br \/>Article L.211-5 du Code de la consommation : &#8220;Pour \u00eatre conforme au contrat, le bien doit :\u00a0<br \/>1\u00b0 \u00catre propre \u00e0 l&#8217;usage habituellement attendu d&#8217;un bien semblable et, le cas \u00e9ch\u00e9ant : &#8211; correspondre \u00e0 la description donn\u00e9e par le vendeur et poss\u00e9der les qualit\u00e9s que celui-ci a pr\u00e9sent\u00e9es \u00e0 l&#8217;acheteur sous forme d&#8217;\u00e9chantillon ou de mod\u00e8le ; &#8211; pr\u00e9senter les qualit\u00e9s qu&#8217;un acheteur peut l\u00e9gitimement attendre eu \u00e9gard aux d\u00e9clarations publiques faites par le vendeur, par le producteur ou par son repr\u00e9sentant, notamment dans la publicit\u00e9 ou l&#8217;\u00e9tiquetage ;\u00a0<br \/>2\u00b0 Ou pr\u00e9senter les caract\u00e9ristiques d\u00e9finies d&#8217;un commun accord par les parties ou \u00eatre propre \u00e0 tout usage sp\u00e9cial recherch\u00e9 par l&#8217;acheteur, port\u00e9 \u00e0 la connaissance du vendeur et que ce dernier a accept\u00e9. \u00bb\u00a0<br \/>Article L.211-12 : &#8220;L&#8217;action r\u00e9sultant du d\u00e9faut de conformit\u00e9 se prescrit par deux ans \u00e0 compter de la d\u00e9livrance du bien. \u00bb\u00a0<br \/>Article 1641 du Code civil : &#8220;Le vendeur est tenu de la garantie \u00e0 raison des d\u00e9fauts cach\u00e9s de la chose vendue qui la rendent impropre \u00e0 l&#8217;usage auquel on la destine, ou qui diminuent tellement cet usage, que l&#8217;acheteur ne l&#8217;aurait pas acquise, ou n&#8217;en aurait donn\u00e9 qu&#8217;un moindre prix, s&#8217;il les avait connus.&#8221;\u00a0<br \/>Article 1648 du Code civil, premier alin\u00e9a : &#8220;L&#8217;action r\u00e9sultant des vices r\u00e9dhibitoires doit \u00eatre intent\u00e9e par l&#8217;acqu\u00e9reur dans un d\u00e9lai de deux ans \u00e0 compter de la d\u00e9couverte du vice.&#8221;<\/p><p>\u00a0<\/p><ol start=\"6\"><li style=\"font-weight: 400;\"><strong><em>PROPRI\u00c9T\u00c9 INTELLECTUELLE ET COPYRIGHT\u00a0<\/em><\/strong><br \/>Toutes les images, textes, modes de pr\u00e9sentation, graphisme, caract\u00e8res du site sont et demeurent la propri\u00e9t\u00e9 exclusive de URLISAN ou des titulaires desdits droits ayant accord\u00e9 un droit d&#8217;exploitation \u00e0 URLISAN<br \/>Elles peuvent cependant \u00eatre utilis\u00e9es dans le cadre de la diffusion et de la promotion de la marque.\u00a0<br \/>Toute reproduction des designs ou repr\u00e9sentation de la marque sans autorisation pr\u00e9alable donnera lieu \u00e0 poursuites judiciaires.<\/li><li style=\"font-weight: 400;\"><em><strong>INFORMATIQUE ET LIBERT\u00c9<\/strong><\/em>\u00a0<br \/>Les informations et donn\u00e9es concernant le client sont strictement n\u00e9cessaires \u00e0 la gestion des commandes, \u00e0 l&#8217;ex\u00e9cution et au suivi des relations commerciales, ainsi qu&#8217;\u00e0 des fins statistiques internes.\u00a0<br \/>Ces donn\u00e9es sont conserv\u00e9es afin de poursuivre des objectifs de s\u00e9curit\u00e9, d&#8217;identification d&#8217;am\u00e9lioration et de personnalisation des services que nous apportons \u00e0 nos clients. Les donn\u00e9es personnelles d\u2019un client ou d\u2019une soci\u00e9t\u00e9 pourront \u00eatre supprim\u00e9es des bases sur simples demande \u00e9crite.<\/li><\/ol><p style=\"font-weight: 400;\">\u00a0<\/p>\t\t\t\t\t\t<\/div>\n\t\t\t\t<\/div>\n\t\t\t\t\t<\/div>\n\t\t<\/div>\n\t\t\t\t\t\t\t<\/div>\n\t\t<\/section>\n\t\t\t\t\t\t\t<\/div>\n\t\t","protected":false},"excerpt":{"rendered":"<p>Conditions G\u00e9n\u00e9rales de Vente GENERALITELes pr\u00e9sentes conditions g\u00e9n\u00e9rales de vente dites CGV s&#8217;appliquent \u00e0 toutes commandes pass\u00e9es sur le site Internet www.urlisan.com portant sur l&#8217;achat de produits vendus et exp\u00e9di\u00e9s par URLISAN PARIS dont le si\u00e8ge est au bureau No 326-78 avenue des Champs \u00c9lys\u00e9es 75008 Paris au RCS de Paris sous le num\u00e9ro 848 [&hellip;]<\/p>\n","protected":false},"author":1,"featured_media":0,"parent":0,"menu_order":0,"comment_status":"closed","ping_status":"closed","template":"","meta":[],"_links":{"self":[{"href":"https:\/\/urlisan.com\/index.php\/wp-json\/wp\/v2\/pages\/53"}],"collection":[{"href":"https:\/\/urlisan.com\/index.php\/wp-json\/wp\/v2\/pages"}],"about":[{"href":"https:\/\/urlisan.com\/index.php\/wp-json\/wp\/v2\/types\/page"}],"author":[{"embeddable":true,"href":"https:\/\/urlisan.com\/index.php\/wp-json\/wp\/v2\/users\/1"}],"replies":[{"embeddable":true,"href":"https:\/\/urlisan.com\/index.php\/wp-json\/wp\/v2\/comments?post=53"}],"version-history":[{"count":9,"href":"https:\/\/urlisan.com\/index.php\/wp-json\/wp\/v2\/pages\/53\/revisions"}],"predecessor-version":[{"id":425,"href":"https:\/\/urlisan.com\/index.php\/wp-json\/wp\/v2\/pages\/53\/revisions\/425"}],"wp:attachment":[{"href":"https:\/\/urlisan.com\/index.php\/wp-json\/wp\/v2\/media?parent=53"}],"curies":[{"name":"wp","href":"https:\/\/api.w.org\/{rel}","templated":true}]}}